{"id":554,"date":"2021-03-31T00:15:06","date_gmt":"2021-03-31T00:15:06","guid":{"rendered":"https:\/\/cootransmelgar.com\/?page_id=554"},"modified":"2021-03-31T16:54:43","modified_gmt":"2021-03-31T16:54:43","slug":"publicaciones-2020","status":"publish","type":"page","link":"https:\/\/cootransmelgar.com\/?page_id=554","title":{"rendered":"publicaciones 2020"},"content":{"rendered":"<section class=\"kc-elm kc-css-500096 kc_row\"><div class=\"kc-row-container  kc-container\"><div class=\"kc-wrap-columns\"><div class=\"kc-elm kc-css-977776 kc_col-sm-12 kc_column kc_col-sm-12\"><div class=\"kc-col-container\">\n<div class=\"kc-elm kc-css-919371 kc-title-wrap \">\n\n\t<h2 class=\"kc_title\">Art\u00edculo 364-5 del Estatuto Tributario<\/h2>\n<\/div>\n<div class=\"kc-elm kc-css-521156 kc_text_block\"><\/p>\n<p>Para dar cumplimiento al Art\u00edculo 364-5 de Estatuto Tributario se hace p\u00fablico en las p\u00e1ginas de la COOTRANSMELGAR LTDA, la siguiente informaci\u00f3n:<\/p>\n<p><strong>1- Denominaci\u00f3n, la Identificaci\u00f3n y el domicilio La Cooperativa de Transportadores de Melgar Ltda. Cootransmelgar, con el Nit 890.706.576-0, domiciliada en la Cra 37 No. 4-13 barrio Sicomoro Melgar \u2013 Tolima<\/strong><\/p>\n<p><strong>2- Descripci\u00f3n de la Actividad meritoria<\/strong><\/p>\n<p>La cooperativa de Transportadores de Melgar es una entidad sin \u00e1nimo de Lucro legalmente\u00a0 constituida, se encarga de prestar servicio p\u00fablico de pasajeros urbano e intermunicipal, atendiendo la demanda de la poblaci\u00f3n que comprende su radio de acci\u00f3n, cuenta con las habilitaciones correspondientes emanadas del Ministerio de transporte.<\/p>\n<p><strong>3- El monto y destino de la reinversi\u00f3n del beneficio o excedente neto cuando corresponda.<\/strong><\/p>\n<p>La cooperativa de Transportadores de Melgar Ltda. durante el a\u00f1o 2020 aplicando el articulo 54 y 55 de la ley 79 de 1988,\u00a0 obtuvo un excedente de $12.145.215 y para el a\u00f1o 2020 de $12.168.658 \u00a0el cual se distribuy\u00f3\u00a0 dando cumplimiento a la ley seg\u00fan acta Asamblea General \u00a0de \u00a0los asociados No.47\u00a0 Realizada el 25 de Marzo de 2021.<\/p>\n<p><strong>4- El monto y destino de las asignaciones permanentes que hayan realizado en el a\u00f1o y los plazos adicionales que est\u00e1n autorizados por el m\u00e1ximo \u00f3rgano social cuando corresponda.<\/strong><\/p>\n<p>N\/A<\/p>\n<p><strong>5- Los nombres e identificaci\u00f3n de las personas que ocupan cargos gerenciales directivos o de control.<\/strong><\/p>\n<p><strong>IDENTIFICACION\u00a0\u00a0\u00a0\u00a0\u00a0\u00a0\u00a0\u00a0\u00a0\u00a0\u00a0\u00a0\u00a0\u00a0\u00a0\u00a0\u00a0\u00a0\u00a0\u00a0\u00a0\u00a0\u00a0\u00a0\u00a0\u00a0\u00a0\u00a0 NOMBRE\u00a0\u00a0\u00a0\u00a0\u00a0\u00a0\u00a0\u00a0\u00a0\u00a0\u00a0\u00a0\u00a0\u00a0\u00a0\u00a0\u00a0\u00a0\u00a0\u00a0\u00a0\u00a0\u00a0\u00a0\u00a0\u00a0\u00a0\u00a0\u00a0\u00a0\u00a0\u00a0\u00a0\u00a0\u00a0\u00a0\u00a0\u00a0\u00a0\u00a0\u00a0\u00a0\u00a0 CARGO<\/strong><\/p>\n<p>28.845.501\u00a0\u00a0\u00a0\u00a0\u00a0\u00a0\u00a0\u00a0\u00a0\u00a0\u00a0\u00a0\u00a0\u00a0\u00a0\u00a0\u00a0\u00a0\u00a0\u00a0\u00a0\u00a0\u00a0\u00a0 BLANCANIEVES GALEANO GUEVARA\u00a0\u00a0\u00a0 GERENTE<\/p>\n<p>11.299.330\u00a0\u00a0\u00a0\u00a0\u00a0\u00a0\u00a0\u00a0\u00a0\u00a0\u00a0\u00a0\u00a0\u00a0\u00a0\u00a0\u00a0\u00a0\u00a0\u00a0\u00a0\u00a0\u00a0\u00a0 JAIME BARRERO MARTINEZ\u00a0\u00a0\u00a0\u00a0\u00a0\u00a0\u00a0\u00a0\u00a0\u00a0\u00a0\u00a0\u00a0\u00a0\u00a0\u00a0\u00a0\u00a0\u00a0\u00a0\u00a0\u00a0 REVISOR FISCAL<\/p>\n<p><strong>6- Monto total de los pagos salariales a los miembros de los cuerpos directivos, sin obligaci\u00f3n a discriminar los pagos individuales.<\/strong><\/p>\n<p><strong>MONTO TOTAL DE PAGOS SALARIALES $34.742.055<\/strong><\/p>\n<p><strong>7- Los nombres e identificaci\u00f3n de los fundadores.<\/strong><\/p>\n<table width=\"676\">\n<tbody>\n<tr>\n<td colspan=\"8\" width=\"676\"><strong>\u00a0<\/strong><\/p>\n<p><strong>FUNDADORES COOTRANSMELGAR<\/strong><\/td>\n<\/tr>\n<tr>\n<td width=\"43\">2020<\/td>\n<td width=\"75\">2<\/td>\n<td width=\"77\">13<\/td>\n<td width=\"80\">3035858<\/td>\n<td width=\"113\">ARIAS<\/td>\n<td width=\"111\">DIAZ<\/td>\n<td width=\"98\">ALBERTO<\/td>\n<td width=\"80\"><\/td>\n<\/tr>\n<tr>\n<td width=\"43\">2020<\/td>\n<td width=\"75\">2<\/td>\n<td width=\"77\">13<\/td>\n<td width=\"80\">3035663<\/td>\n<td width=\"113\">ARIAS<\/td>\n<td width=\"111\">DIAZ<\/td>\n<td width=\"98\">ROGER<\/td>\n<td width=\"80\">JULIO<\/td>\n<\/tr>\n<tr>\n<td width=\"43\">2020<\/td>\n<td width=\"75\">2<\/td>\n<td width=\"77\">13<\/td>\n<td width=\"80\">273849<\/td>\n<td width=\"113\">ARAGON<\/td>\n<td width=\"111\">GARCIA<\/td>\n<td width=\"98\">JESUS<\/td>\n<td width=\"80\">MARIA<\/td>\n<\/tr>\n<tr>\n<td width=\"43\">2020<\/td>\n<td width=\"75\">2<\/td>\n<td width=\"77\">13<\/td>\n<td width=\"80\">262461<\/td>\n<td width=\"113\">BETANCOURT<\/td>\n<td width=\"111\">VIDAL<\/td>\n<td width=\"98\">LUIS<\/td>\n<td width=\"80\">ANTONIO<\/td>\n<\/tr>\n<tr>\n<td width=\"43\">2020<\/td>\n<td width=\"75\">2<\/td>\n<td width=\"77\">13<\/td>\n<td width=\"80\">2877592<\/td>\n<td width=\"113\">BERMUDEZ<\/td>\n<td width=\"111\"><\/td>\n<td width=\"98\">FRANCISCO<\/td>\n<td width=\"80\">ANTONIO<\/td>\n<\/tr>\n<tr>\n<td width=\"43\">2020<\/td>\n<td width=\"75\">2<\/td>\n<td width=\"77\">13<\/td>\n<td width=\"80\">14246904<\/td>\n<td width=\"113\">BURGOS<\/td>\n<td width=\"111\"><\/td>\n<td width=\"98\">JOSE<\/td>\n<td width=\"80\">EDUARDO<\/td>\n<\/tr>\n<tr>\n<td width=\"43\">2020<\/td>\n<td width=\"75\">2<\/td>\n<td width=\"77\">13<\/td>\n<td width=\"80\">11298114<\/td>\n<td width=\"113\">DELGADO<\/td>\n<td width=\"111\">JIMENEZ<\/td>\n<td width=\"98\">GUSTAVO<\/td>\n<td width=\"80\"><\/td>\n<\/tr>\n<tr>\n<td width=\"43\">2020<\/td>\n<td width=\"75\">2<\/td>\n<td width=\"77\">13<\/td>\n<td width=\"80\">3280711<\/td>\n<td width=\"113\">FONSECA<\/td>\n<td width=\"111\">RAMIREZ<\/td>\n<td width=\"98\">MARCELIANO<\/td>\n<td width=\"80\"><\/td>\n<\/tr>\n<tr>\n<td width=\"43\">2020<\/td>\n<td width=\"75\">2<\/td>\n<td width=\"77\">13<\/td>\n<td width=\"80\">2345390<\/td>\n<td width=\"113\">LOPEZ<\/td>\n<td width=\"111\">ORTIZ<\/td>\n<td width=\"98\">PEDRO<\/td>\n<td width=\"80\"><\/td>\n<\/tr>\n<tr>\n<td width=\"43\">2020<\/td>\n<td width=\"75\">2<\/td>\n<td width=\"77\">13<\/td>\n<td width=\"80\">3105345<\/td>\n<td width=\"113\">LOZANO<\/td>\n<td width=\"111\"><\/td>\n<td width=\"98\">CARLOS<\/td>\n<td width=\"80\">ENRIQUE<\/td>\n<\/tr>\n<tr>\n<td width=\"43\">2020<\/td>\n<td width=\"75\">2<\/td>\n<td width=\"77\">13<\/td>\n<td width=\"80\">12091832<\/td>\n<td width=\"113\">LOZANO<\/td>\n<td width=\"111\"><\/td>\n<td width=\"98\">JULIO<\/td>\n<td width=\"80\">ENRIQUE<\/td>\n<\/tr>\n<tr>\n<td width=\"43\">2020<\/td>\n<td width=\"75\">2<\/td>\n<td width=\"77\">13<\/td>\n<td width=\"80\">28750480<\/td>\n<td width=\"113\">LOZANO<\/td>\n<td width=\"111\">DE CALDERON<\/td>\n<td width=\"98\">ERNESTINA<\/td>\n<td width=\"80\"><\/td>\n<\/tr>\n<tr>\n<td width=\"43\">2020<\/td>\n<td width=\"75\">2<\/td>\n<td width=\"77\">13<\/td>\n<td width=\"80\">3046329<\/td>\n<td width=\"113\">MARTINEZ<\/td>\n<td width=\"111\">ORTEGA<\/td>\n<td width=\"98\">GILBERTO<\/td>\n<td width=\"80\"><\/td>\n<\/tr>\n<tr>\n<td width=\"43\">2020<\/td>\n<td width=\"75\">2<\/td>\n<td width=\"77\">13<\/td>\n<td width=\"80\">2261114<\/td>\n<td width=\"113\">MEJIA<\/td>\n<td width=\"111\">LEAL<\/td>\n<td width=\"98\">JORGE<\/td>\n<td width=\"80\"><\/td>\n<\/tr>\n<tr>\n<td width=\"43\">2020<\/td>\n<td width=\"75\">2<\/td>\n<td width=\"77\">13<\/td>\n<td width=\"80\">17168081<\/td>\n<td width=\"113\">MOJICA<\/td>\n<td width=\"111\">GOMEZ<\/td>\n<td width=\"98\">LIBARDO<\/td>\n<td width=\"80\"><\/td>\n<\/tr>\n<tr>\n<td width=\"43\">2020<\/td>\n<td width=\"75\">2<\/td>\n<td width=\"77\">13<\/td>\n<td width=\"80\">11370837<\/td>\n<td width=\"113\">ORTIZ<\/td>\n<td width=\"111\">MENA<\/td>\n<td width=\"98\">FERNANDO<\/td>\n<td width=\"80\"><\/td>\n<\/tr>\n<tr>\n<td width=\"43\">2020<\/td>\n<td width=\"75\">2<\/td>\n<td width=\"77\">13<\/td>\n<td width=\"80\">28842417<\/td>\n<td width=\"113\">PAEZ<\/td>\n<td width=\"111\">CORDOBA<\/td>\n<td width=\"98\">CAROLINA<\/td>\n<td width=\"80\"><\/td>\n<\/tr>\n<tr>\n<td width=\"43\">2020<\/td>\n<td width=\"75\">2<\/td>\n<td width=\"77\">13<\/td>\n<td width=\"80\">2344291<\/td>\n<td width=\"113\">PARRA<\/td>\n<td width=\"111\"><\/td>\n<td width=\"98\">MIGUEL<\/td>\n<td width=\"80\">ANTONIO<\/td>\n<\/tr>\n<tr>\n<td width=\"43\">2020<\/td>\n<td width=\"75\">2<\/td>\n<td width=\"77\">13<\/td>\n<td width=\"80\">2246464<\/td>\n<td width=\"113\">MENDEZ<\/td>\n<td width=\"111\"><\/td>\n<td width=\"98\">ALFREDO<\/td>\n<td width=\"80\">MARIA<\/td>\n<\/tr>\n<tr>\n<td width=\"43\">2020<\/td>\n<td width=\"75\">2<\/td>\n<td width=\"77\">13<\/td>\n<td width=\"80\">19085047<\/td>\n<td width=\"113\">POVEDA<\/td>\n<td width=\"111\">ARDILA<\/td>\n<td width=\"98\">ARTURO<\/td>\n<td width=\"80\"><\/td>\n<\/tr>\n<tr>\n<td width=\"43\">2020<\/td>\n<td width=\"75\">2<\/td>\n<td width=\"77\">13<\/td>\n<td width=\"80\">2344186<\/td>\n<td width=\"113\">SANDOVAL<\/td>\n<td width=\"111\">CAICEDO<\/td>\n<td width=\"98\">ARTURO<\/td>\n<td width=\"80\"><\/td>\n<\/tr>\n<tr>\n<td width=\"43\">2020<\/td>\n<td width=\"75\">2<\/td>\n<td width=\"77\">13<\/td>\n<td width=\"80\">2876791<\/td>\n<td width=\"113\">SARMIENTO<\/td>\n<td width=\"111\"><\/td>\n<td width=\"98\">JAIME<\/td>\n<td width=\"80\"><\/td>\n<\/tr>\n<tr>\n<td width=\"43\">2020<\/td>\n<td width=\"75\">2<\/td>\n<td width=\"77\">13<\/td>\n<td width=\"80\">2701555<\/td>\n<td width=\"113\">TOSCANO<\/td>\n<td width=\"111\"><\/td>\n<td width=\"98\">JOSE<\/td>\n<td width=\"80\">OMAR<\/td>\n<\/tr>\n<\/tbody>\n<\/table>\n<p><strong>8- El monto del patrimonio a 31 de diciembre del a\u00f1o anterior<\/strong><\/p>\n<p><strong>PATRIMONIO L\u00cdQUIDO A DICIEMBRE 31 DE 2020 $1.224.160.968<\/strong><\/p>\n<p><strong>9- En caso de recibir donaciones, la identificaci\u00f3n del donante y el monto de la donaci\u00f3n, as\u00ed como la destinaci\u00f3n de la misma y el plazo de la misma y el plazo proyectado para el gasto de inversi\u00f3n. Para tales efectos se entiende que la donaci\u00f3n a una entidad de R\u00e9gimen Tributario Especial es una autorizaci\u00f3n de publicar datos que contiene el registro<\/strong><\/p>\n<p>NO APLICA<\/p>\n<p><strong>10- Cuando las donaciones se perciban en eventos colectivos, sin que sea posible la identificaci\u00f3n particular de los donantes, se debe inscribir el monto total percibido, la fecha y la destinaci\u00f3n del mismo.<\/strong><\/p>\n<p>NO APLICA<\/p>\n<p><strong>11- Un informe anual de resultados que prevea datos sobre sus proyectos en curso y los finalizados, los ingresos, los contratos realizados, subsidios y aportes recibidos as\u00ed como las metas logradas en beneficio de la comunidad.<\/strong><\/p>\n<p><a href=\"https:\/\/cootransmelgar.com\/wp-content\/uploads\/2021\/03\/INFORME-GESTION-GERENCIA-Y-CONSEJO-DE-ADMON.pdf\">Informe de Gesti\u00f3n 2020<\/a><\/p>\n<p><strong>12- Los Estados Financieros de la Entidad<\/strong><\/p>\n<p><a href=\"https:\/\/cootransmelgar.com\/wp-content\/uploads\/2021\/03\/ESTADOS-FINANCIEROS-2020.pdf\">ESTADOS FINANCIEROS DE LA ENTIDAD 2020<\/a><\/p>\n<p><strong>13- El certificado del representante legal o revisor fiscal, junto con la declaraci\u00f3n de renta donde se evidencie que han cumplido con todos requisitos durante el respectivo a\u00f1o cuando corresponda.<\/strong><\/p>\n<p><a href=\"https:\/\/cootransmelgar.com\/wp-content\/uploads\/2021\/03\/CAMARA-DE-COMERCIO-COOTRANSMELGAR.pdf\">Documento 1. Certificado Representante Legal<\/a><\/p>\n<p><a href=\"https:\/\/cootransmelgar.com\/wp-content\/uploads\/2021\/03\/RENTA-2020-COOTRANSMELGAR.pdf\">Documento 2. Declaraci\u00f3n de Renta<\/a><\/p>\n<p><strong>14- Los recursos de cooperaci\u00f3n internacional no reembolsable que reciba o ejecuten<\/strong><\/p>\n<p>No Aplica<\/p>\n<p>\n<\/div><\/div><\/div><\/div><\/div><\/section>\n","protected":false},"excerpt":{"rendered":"","protected":false},"author":2,"featured_media":0,"parent":0,"menu_order":0,"comment_status":"closed","ping_status":"closed","template":"template-parts\/template-homepage.php","meta":{"footnotes":""},"class_list":["post-554","page","type-page","status-publish","hentry"],"_links":{"self":[{"href":"https:\/\/cootransmelgar.com\/index.php?rest_route=\/wp\/v2\/pages\/554"}],"collection":[{"href":"https:\/\/cootransmelgar.com\/index.php?rest_route=\/wp\/v2\/pages"}],"about":[{"href":"https:\/\/cootransmelgar.com\/index.php?rest_route=\/wp\/v2\/types\/page"}],"author":[{"embeddable":true,"href":"https:\/\/cootransmelgar.com\/index.php?rest_route=\/wp\/v2\/users\/2"}],"replies":[{"embeddable":true,"href":"https:\/\/cootransmelgar.com\/index.php?rest_route=%2Fwp%2Fv2%2Fcomments&post=554"}],"version-history":[{"count":11,"href":"https:\/\/cootransmelgar.com\/index.php?rest_route=\/wp\/v2\/pages\/554\/revisions"}],"predecessor-version":[{"id":570,"href":"https:\/\/cootransmelgar.com\/index.php?rest_route=\/wp\/v2\/pages\/554\/revisions\/570"}],"wp:attachment":[{"href":"https:\/\/cootransmelgar.com\/index.php?rest_route=%2Fwp%2Fv2%2Fmedia&parent=554"}],"curies":[{"name":"wp","href":"https:\/\/api.w.org\/{rel}","templated":true}]}}