{"id":520,"date":"2020-06-30T23:52:07","date_gmt":"2020-06-30T23:52:07","guid":{"rendered":"https:\/\/cootransmelgar.com\/?page_id=520"},"modified":"2021-03-30T23:28:23","modified_gmt":"2021-03-30T23:28:23","slug":"publicaciones-2019","status":"publish","type":"page","link":"https:\/\/cootransmelgar.com\/?page_id=520","title":{"rendered":"Publicaciones-2019"},"content":{"rendered":"<section class=\"kc-elm kc-css-64649 kc_row\"><div class=\"kc-row-container  kc-container\"><div class=\"kc-wrap-columns\"><div class=\"kc-elm kc-css-335814 kc_col-sm-12 kc_column kc_col-sm-12\"><div class=\"kc-col-container\">\n<div class=\"kc-elm kc-css-344349 kc-title-wrap \">\n\n\t<h2 class=\"kc_title\">Art\u00edculo 364-5 del Estatuto Tributario<\/h2>\n<\/div>\n<div class=\"kc-elm kc-css-803079 kc_text_block\"><\/p>\n<p>Para dar cumplimiento al Art\u00edculo 364-5 de Estatuto Tributario se hace p\u00fablico en las p\u00e1ginas de la COOTRANSMELGAR LTDA, la siguiente informaci\u00f3n:<\/p>\n<p><strong>1. Denominaci\u00f3n, la Identificaci\u00f3n y el domicilio La Cooperativa de Transportadores de Melgar Ltda. Cootransmelgar, con el Nit 890.706.576-0, domiciliada en la Cra 37 No. 4-13 barrio Sicomoro Melgar \u2013 Tolima<\/strong><\/p>\n<p><strong>2. Descripci\u00f3n de la Actividad meritoria<\/strong><\/p>\n<p>La cooperativa de Transportadores de Melgar es una entidad sin \u00e1nimo de Lucro legalmente constituida, se encarga de prestar servicio p\u00fablico de pasajeros urbano e intermunicipal, atendiendo la demanda de la poblaci\u00f3n que comprende su radio de acci\u00f3n, cuenta con las habilitaciones correspondientes emanadas del Ministerio de transporte.<\/p>\n<p><strong>3. El monto y destino de la reinversi\u00f3n del beneficio o excedente neto cuando corresponda.<\/strong><\/p>\n<p>La cooperativa de Transportadores de Melgar Ltda. durante el a\u00f1o 2018 aplicando el articulo 54 y 55 de la ley 79 de 1988, obtuvo un excedente de $23.834.559.oo y para el a\u00f1o 2019 de $12.145.215, el cual no ha sido aprobado por acta ya que la Asamblea de socios a\u00fan no se ha realizado debido a la pandemia mundial del Covid-19.<\/p>\n<p><strong>4. El monto y destino de las asignaciones permanentes que hayan realizado en el a\u00f1o y los plazos adicionales que est\u00e1n autorizados por el m\u00e1ximo \u00f3rgano social cuando corresponda.<\/strong><\/p>\n<p>N\/A<\/p>\n<p><strong>5. Los nombres e identificaci\u00f3n de las personas que ocupan cargos gerenciales directivos o de control.<\/strong><\/p>\n<table>\n<tbody>\n<tr>\n<td><strong>IDENTIFICACI\u00d3N<\/strong><\/td>\n<td><strong>NOMBRE<\/strong><\/td>\n<td><strong>CARGO<\/strong><\/td>\n<\/tr>\n<tr>\n<td>14.250.606<\/td>\n<td>MAURICIO BAUTISTA VELASQUEZ<\/td>\n<td>GERENTE<\/td>\n<\/tr>\n<tr>\n<td>11.290.330<\/td>\n<td>JAIME BARRERO MARTINEZ<\/td>\n<td>REVISOR FISCAL<\/td>\n<\/tr>\n<\/tbody>\n<\/table>\n<p><strong>6. Monto total de los pagos salariales a los miembros de los cuerpos directivos, sin obligaci\u00f3n a discriminar los pagos individuales.<\/strong><\/p>\n<p style=\"text-align: center;\"><strong>MONTO TOTAL DE PAGOS SALARIALES $31.424.678.oo<\/strong><\/p>\n<p><strong>7. Los nombres e identificaci\u00f3n de los fundadores.<\/strong><\/p>\n<table style=\"height: 632px;\" width=\"676\">\n<tbody>\n<tr style=\"height: 56px;\">\n<td style=\"width: 666px; height: 56px;\" colspan=\"8\">\n<p style=\"text-align: center;\"><strong>\u00a0<\/strong><strong>FUNDADORES COOTRANSMELGAR<\/strong><\/p>\n<\/td>\n<\/tr>\n<tr style=\"height: 24px;\">\n<td style=\"width: 40px; height: 24px;\">2019<\/td>\n<td style=\"text-align: center; width: 31px; height: 24px;\">2<\/td>\n<td style=\"width: 27px; text-align: center; height: 24px;\">13<\/td>\n<td style=\"width: 84px; height: 24px;\">3035858<\/td>\n<td style=\"width: 141px; height: 24px;\">ARIAS<\/td>\n<td style=\"width: 103px; height: 24px;\">DIAZ<\/td>\n<td style=\"width: 113px; height: 24px;\">ALBERTO<\/td>\n<td style=\"width: 85px; height: 24px;\"><\/td>\n<\/tr>\n<tr style=\"height: 24px;\">\n<td style=\"width: 40px; height: 24px;\">2019<\/td>\n<td style=\"text-align: center; width: 31px; height: 24px;\">2<\/td>\n<td style=\"width: 27px; text-align: center; height: 24px;\">13<\/td>\n<td style=\"width: 84px; height: 24px;\">3035663<\/td>\n<td style=\"width: 141px; height: 24px;\">ARIAS<\/td>\n<td style=\"width: 103px; height: 24px;\">DIAZ<\/td>\n<td style=\"width: 113px; height: 24px;\">ROGER<\/td>\n<td style=\"width: 85px; height: 24px;\">JULIO<\/td>\n<\/tr>\n<tr style=\"height: 24px;\">\n<td style=\"width: 40px; height: 24px;\">2019<\/td>\n<td style=\"text-align: center; width: 31px; height: 24px;\">2<\/td>\n<td style=\"width: 27px; text-align: center; height: 24px;\">13<\/td>\n<td style=\"width: 84px; height: 24px;\">273849<\/td>\n<td style=\"width: 141px; height: 24px;\">ARAGON<\/td>\n<td style=\"width: 103px; height: 24px;\">GARCIA<\/td>\n<td style=\"width: 113px; height: 24px;\">JESUS<\/td>\n<td style=\"width: 85px; height: 24px;\">MARIA<\/td>\n<\/tr>\n<tr style=\"height: 24px;\">\n<td style=\"width: 40px; height: 24px;\">2019<\/td>\n<td style=\"text-align: center; width: 31px; height: 24px;\">2<\/td>\n<td style=\"width: 27px; text-align: center; height: 24px;\">13<\/td>\n<td style=\"width: 84px; height: 24px;\">262461<\/td>\n<td style=\"width: 141px; height: 24px;\">BETANCOURT<\/td>\n<td style=\"width: 103px; height: 24px;\">VIDAL<\/td>\n<td style=\"width: 113px; height: 24px;\">LUIS<\/td>\n<td style=\"width: 85px; height: 24px;\">ANTONIO<\/td>\n<\/tr>\n<tr style=\"height: 24px;\">\n<td style=\"width: 40px; height: 24px;\">2019<\/td>\n<td style=\"text-align: center; width: 31px; height: 24px;\">2<\/td>\n<td style=\"width: 27px; text-align: center; height: 24px;\">13<\/td>\n<td style=\"width: 84px; height: 24px;\">2877592<\/td>\n<td style=\"width: 141px; height: 24px;\">BERMUDEZ<\/td>\n<td style=\"width: 103px; height: 24px;\"><\/td>\n<td style=\"width: 113px; height: 24px;\">FRANCISCO<\/td>\n<td style=\"width: 85px; height: 24px;\">ANTONIO<\/td>\n<\/tr>\n<tr style=\"height: 24px;\">\n<td style=\"width: 40px; height: 24px;\">2019<\/td>\n<td style=\"text-align: center; width: 31px; height: 24px;\">2<\/td>\n<td style=\"width: 27px; text-align: center; height: 24px;\">13<\/td>\n<td style=\"width: 84px; height: 24px;\">14246904<\/td>\n<td style=\"width: 141px; height: 24px;\">BURGOS<\/td>\n<td style=\"width: 103px; height: 24px;\"><\/td>\n<td style=\"width: 113px; height: 24px;\">JOSE<\/td>\n<td style=\"width: 85px; height: 24px;\">EDUARDO<\/td>\n<\/tr>\n<tr style=\"height: 24px;\">\n<td style=\"width: 40px; height: 24px;\">2019<\/td>\n<td style=\"text-align: center; width: 31px; height: 24px;\">2<\/td>\n<td style=\"width: 27px; text-align: center; height: 24px;\">13<\/td>\n<td style=\"width: 84px; height: 24px;\">11298114<\/td>\n<td style=\"width: 141px; height: 24px;\">DELGADO<\/td>\n<td style=\"width: 103px; height: 24px;\">JIMENEZ<\/td>\n<td style=\"width: 113px; height: 24px;\">GUSTAVO<\/td>\n<td style=\"width: 85px; height: 24px;\"><\/td>\n<\/tr>\n<tr style=\"height: 24px;\">\n<td style=\"width: 40px; height: 24px;\">2019<\/td>\n<td style=\"text-align: center; width: 31px; height: 24px;\">2<\/td>\n<td style=\"width: 27px; text-align: center; height: 24px;\">13<\/td>\n<td style=\"width: 84px; height: 24px;\">3280711<\/td>\n<td style=\"width: 141px; height: 24px;\">FONSECA<\/td>\n<td style=\"width: 103px; height: 24px;\">RAMIREZ<\/td>\n<td style=\"width: 113px; height: 24px;\">MARCELIANO<\/td>\n<td style=\"width: 85px; height: 24px;\"><\/td>\n<\/tr>\n<tr style=\"height: 24px;\">\n<td style=\"width: 40px; height: 24px;\">2019<\/td>\n<td style=\"text-align: center; width: 31px; height: 24px;\">2<\/td>\n<td style=\"width: 27px; text-align: center; height: 24px;\">13<\/td>\n<td style=\"width: 84px; height: 24px;\">2345390<\/td>\n<td style=\"width: 141px; height: 24px;\">LOPEZ<\/td>\n<td style=\"width: 103px; height: 24px;\">ORTIZ<\/td>\n<td style=\"width: 113px; height: 24px;\">PEDRO<\/td>\n<td style=\"width: 85px; height: 24px;\"><\/td>\n<\/tr>\n<tr style=\"height: 24px;\">\n<td style=\"width: 40px; height: 24px;\">2019<\/td>\n<td style=\"text-align: center; width: 31px; height: 24px;\">2<\/td>\n<td style=\"width: 27px; text-align: center; height: 24px;\">13<\/td>\n<td style=\"width: 84px; height: 24px;\">3105345<\/td>\n<td style=\"width: 141px; height: 24px;\">LOZANO<\/td>\n<td style=\"width: 103px; height: 24px;\"><\/td>\n<td style=\"width: 113px; height: 24px;\">CARLOS<\/td>\n<td style=\"width: 85px; height: 24px;\">ENRIQUE<\/td>\n<\/tr>\n<tr style=\"height: 24px;\">\n<td style=\"width: 40px; height: 24px;\">2019<\/td>\n<td style=\"text-align: center; width: 31px; height: 24px;\">2<\/td>\n<td style=\"width: 27px; text-align: center; height: 24px;\">13<\/td>\n<td style=\"width: 84px; height: 24px;\">12091832<\/td>\n<td style=\"width: 141px; height: 24px;\">LOZANO<\/td>\n<td style=\"width: 103px; height: 24px;\"><\/td>\n<td style=\"width: 113px; height: 24px;\">JULIO<\/td>\n<td style=\"width: 85px; height: 24px;\">ENRIQUE<\/td>\n<\/tr>\n<tr style=\"height: 48px;\">\n<td style=\"width: 40px; height: 48px;\">2019<\/td>\n<td style=\"text-align: center; width: 31px; height: 48px;\">2<\/td>\n<td style=\"width: 27px; text-align: center; height: 48px;\">13<\/td>\n<td style=\"width: 84px; height: 48px;\">28750480<\/td>\n<td style=\"width: 141px; height: 48px;\">LOZANO<\/td>\n<td style=\"width: 103px; height: 48px;\">DE CALDERON<\/td>\n<td style=\"width: 113px; height: 48px;\">ERNESTINA<\/td>\n<td style=\"width: 85px; height: 48px;\"><\/td>\n<\/tr>\n<tr style=\"height: 24px;\">\n<td style=\"width: 40px; height: 24px;\">2019<\/td>\n<td style=\"text-align: center; width: 31px; height: 24px;\">2<\/td>\n<td style=\"width: 27px; text-align: center; height: 24px;\">13<\/td>\n<td style=\"width: 84px; height: 24px;\">3046329<\/td>\n<td style=\"width: 141px; height: 24px;\">MARTINEZ<\/td>\n<td style=\"width: 103px; height: 24px;\">ORTEGA<\/td>\n<td style=\"width: 113px; height: 24px;\">GILBERTO<\/td>\n<td style=\"width: 85px; height: 24px;\"><\/td>\n<\/tr>\n<tr style=\"height: 24px;\">\n<td style=\"width: 40px; height: 24px;\">2019<\/td>\n<td style=\"text-align: center; width: 31px; height: 24px;\">2<\/td>\n<td style=\"width: 27px; text-align: center; height: 24px;\">13<\/td>\n<td style=\"width: 84px; height: 24px;\">2261114<\/td>\n<td style=\"width: 141px; height: 24px;\">MEJIA<\/td>\n<td style=\"width: 103px; height: 24px;\">LEAL<\/td>\n<td style=\"width: 113px; height: 24px;\">JORGE<\/td>\n<td style=\"width: 85px; height: 24px;\"><\/td>\n<\/tr>\n<tr style=\"height: 24px;\">\n<td style=\"width: 40px; height: 24px;\">2019<\/td>\n<td style=\"text-align: center; width: 31px; height: 24px;\">2<\/td>\n<td style=\"width: 27px; text-align: center; height: 24px;\">13<\/td>\n<td style=\"width: 84px; height: 24px;\">17168081<\/td>\n<td style=\"width: 141px; height: 24px;\">MOJICA<\/td>\n<td style=\"width: 103px; height: 24px;\">GOMEZ<\/td>\n<td style=\"width: 113px; height: 24px;\">LIBARDO<\/td>\n<td style=\"width: 85px; height: 24px;\"><\/td>\n<\/tr>\n<tr style=\"height: 24px;\">\n<td style=\"width: 40px; height: 24px;\">2019<\/td>\n<td style=\"text-align: center; width: 31px; height: 24px;\">2<\/td>\n<td style=\"width: 27px; text-align: center; height: 24px;\">13<\/td>\n<td style=\"width: 84px; height: 24px;\">11370837<\/td>\n<td style=\"width: 141px; height: 24px;\">ORTIZ<\/td>\n<td style=\"width: 103px; height: 24px;\">MENA<\/td>\n<td style=\"width: 113px; height: 24px;\">FERNANDO<\/td>\n<td style=\"width: 85px; height: 24px;\"><\/td>\n<\/tr>\n<tr style=\"height: 24px;\">\n<td style=\"width: 40px; height: 24px;\">2019<\/td>\n<td style=\"text-align: center; width: 31px; height: 24px;\">2<\/td>\n<td style=\"width: 27px; height: 24px; text-align: center;\">13<\/td>\n<td style=\"width: 84px; height: 24px;\">28842417<\/td>\n<td style=\"width: 141px; height: 24px;\">PAEZ<\/td>\n<td style=\"width: 103px; height: 24px;\">CORDOBA<\/td>\n<td style=\"width: 113px; height: 24px;\">CAROLINA<\/td>\n<td style=\"width: 85px; height: 24px;\"><\/td>\n<\/tr>\n<tr style=\"height: 24px;\">\n<td style=\"width: 40px; height: 24px;\">2019<\/td>\n<td style=\"text-align: center; width: 31px; height: 24px;\">2<\/td>\n<td style=\"width: 27px; height: 24px; text-align: center;\">13<\/td>\n<td style=\"width: 84px; height: 24px;\">2344291<\/td>\n<td style=\"width: 141px; height: 24px;\">PARRA<\/td>\n<td style=\"width: 103px; height: 24px;\"><\/td>\n<td style=\"width: 113px; height: 24px;\">MIGUEL<\/td>\n<td style=\"width: 85px; height: 24px;\">ANTONIO<\/td>\n<\/tr>\n<tr style=\"height: 24px;\">\n<td style=\"width: 40px; height: 24px;\">2019<\/td>\n<td style=\"text-align: center; width: 31px; height: 24px;\">2<\/td>\n<td style=\"width: 27px; height: 24px; text-align: center;\">13<\/td>\n<td style=\"width: 84px; height: 24px;\">2246464<\/td>\n<td style=\"width: 141px; height: 24px;\">MENDEZ<\/td>\n<td style=\"width: 103px; height: 24px;\"><\/td>\n<td style=\"width: 113px; height: 24px;\">ALFREDO<\/td>\n<td style=\"width: 85px; height: 24px;\">MARIA<\/td>\n<\/tr>\n<tr style=\"height: 24px;\">\n<td style=\"width: 40px; height: 24px;\">2019<\/td>\n<td style=\"text-align: center; width: 31px; height: 24px;\">2<\/td>\n<td style=\"width: 27px; height: 24px; text-align: center;\">13<\/td>\n<td style=\"width: 84px; height: 24px;\">19085047<\/td>\n<td style=\"width: 141px; height: 24px;\">POVEDA<\/td>\n<td style=\"width: 103px; height: 24px;\">ARDILA<\/td>\n<td style=\"width: 113px; height: 24px;\">ARTURO<\/td>\n<td style=\"width: 85px; height: 24px;\"><\/td>\n<\/tr>\n<tr style=\"height: 24px;\">\n<td style=\"width: 40px; height: 24px;\">2019<\/td>\n<td style=\"text-align: center; width: 31px; height: 24px;\">2<\/td>\n<td style=\"width: 27px; height: 24px; text-align: center;\">13<\/td>\n<td style=\"width: 84px; height: 24px;\">2344186<\/td>\n<td style=\"width: 141px; height: 24px;\">SANDOVAL<\/td>\n<td style=\"width: 103px; height: 24px;\">CAICEDO<\/td>\n<td style=\"width: 113px; height: 24px;\">ARTURO<\/td>\n<td style=\"width: 85px; height: 24px;\"><\/td>\n<\/tr>\n<tr style=\"height: 24px;\">\n<td style=\"width: 40px; height: 24px;\">2019<\/td>\n<td style=\"text-align: center; width: 31px; height: 24px;\">2<\/td>\n<td style=\"width: 27px; height: 24px; text-align: center;\">13<\/td>\n<td style=\"width: 84px; height: 24px;\">2876791<\/td>\n<td style=\"width: 141px; height: 24px;\">SARMIENTO<\/td>\n<td style=\"width: 103px; height: 24px;\"><\/td>\n<td style=\"width: 113px; height: 24px;\">JAIME<\/td>\n<td style=\"width: 85px; height: 24px;\"><\/td>\n<\/tr>\n<tr style=\"height: 24px;\">\n<td style=\"width: 40px; height: 24px;\">2019<\/td>\n<td style=\"text-align: center; width: 31px; height: 24px;\">2<\/td>\n<td style=\"width: 27px; height: 24px; text-align: center;\">13<\/td>\n<td style=\"width: 84px; height: 24px;\">2701555<\/td>\n<td style=\"width: 141px; height: 24px;\">TOSCANO<\/td>\n<td style=\"width: 103px; height: 24px;\"><\/td>\n<td style=\"width: 113px; height: 24px;\">JOSE<\/td>\n<td style=\"width: 85px; height: 24px;\">OMAR<\/td>\n<\/tr>\n<\/tbody>\n<\/table>\n<p><strong>8. El monto del patrimonio a 31 de diciembre del a\u00f1o anterior<\/strong><\/p>\n<p style=\"text-align: center;\">PATRIMONIO L\u00cdQUIDO A DICIEMBRE 31 DE 2019 $1.254.542.292.oo<\/p>\n<p><strong>9. En caso de recibir donaciones, la identificaci\u00f3n del donante y el monto de la donaci\u00f3n, as\u00ed como la destinaci\u00f3n de la misma y el plazo de la misma y el plazo proyectado para el gasto de inversi\u00f3n. Para tales efectos se entiende que la donaci\u00f3n a una entidad de R\u00e9gimen Tributario Especial es una autorizaci\u00f3n de publicar datos que contiene el registro<\/strong><\/p>\n<p>NO APLICA<\/p>\n<p><strong>10. Cuando las donaciones se perciban en eventos colectivos, sin que sea posible la identificaci\u00f3n particular de los donantes, se debe inscribir el monto total percibido, la fecha y la destinaci\u00f3n del mismo.<\/strong><\/p>\n<p>NO APLICA<\/p>\n<p><strong>11. Un informe anual de resultados que prevea datos sobre sus proyectos en curso y los finalizados, los ingresos, los contratos realizados, subsidios y aportes recibidos as\u00ed como las metas logradas en beneficio de la comunidad.<\/strong><\/p>\n<p><a href=\"https:\/\/cootransmelgar.com\/wp-content\/uploads\/2020\/07\/INFORME-GERENCIA.pdf\">Informe de Gesti\u00f3n 2019<\/a><\/p>\n<p><strong>12. Los Estados Financieros de la Entidad<\/strong><\/p>\n<p><a href=\"https:\/\/cootransmelgar.com\/wp-content\/uploads\/2020\/07\/NOTA_ESTADOS_FINANCIEROS_2019.pdf\">ESTADOS FINANCIEROS DE LA ENTIDAD 2019<\/a><\/p>\n<p><strong>13. El certificado del representante legal o revisor fiscal, junto con la declaraci\u00f3n de renta donde se evidencie que han cumplido con todos requisitos durante el respectivo a\u00f1o cuando corresponda.<\/strong><\/p>\n<p><a href=\"https:\/\/cootransmelgar.com\/wp-content\/uploads\/2020\/07\/CAMARA-DE-COMERCIO-890706576-0.pdf\">Documento 1. Certificado Representante Legal<\/a><br \/>\n<a href=\"https:\/\/cootransmelgar.com\/wp-content\/uploads\/2020\/07\/11146004732041.pdf\">Documento 2. Declaraci\u00f3n de Renta<\/a><\/p>\n<p><strong>14. Los recursos de cooperaci\u00f3n internacional no reembolsable que reciba o ejecuten<\/strong><\/p>\n<p>No Aplica<\/p>\n<p>\n<\/div><\/div><\/div><\/div><\/div><\/section>\n","protected":false},"excerpt":{"rendered":"","protected":false},"author":2,"featured_media":0,"parent":0,"menu_order":0,"comment_status":"closed","ping_status":"closed","template":"template-parts\/template-homepage.php","meta":{"footnotes":""},"class_list":["post-520","page","type-page","status-publish","hentry"],"_links":{"self":[{"href":"https:\/\/cootransmelgar.com\/index.php?rest_route=\/wp\/v2\/pages\/520"}],"collection":[{"href":"https:\/\/cootransmelgar.com\/index.php?rest_route=\/wp\/v2\/pages"}],"about":[{"href":"https:\/\/cootransmelgar.com\/index.php?rest_route=\/wp\/v2\/types\/page"}],"author":[{"embeddable":true,"href":"https:\/\/cootransmelgar.com\/index.php?rest_route=\/wp\/v2\/users\/2"}],"replies":[{"embeddable":true,"href":"https:\/\/cootransmelgar.com\/index.php?rest_route=%2Fwp%2Fv2%2Fcomments&post=520"}],"version-history":[{"count":9,"href":"https:\/\/cootransmelgar.com\/index.php?rest_route=\/wp\/v2\/pages\/520\/revisions"}],"predecessor-version":[{"id":551,"href":"https:\/\/cootransmelgar.com\/index.php?rest_route=\/wp\/v2\/pages\/520\/revisions\/551"}],"wp:attachment":[{"href":"https:\/\/cootransmelgar.com\/index.php?rest_route=%2Fwp%2Fv2%2Fmedia&parent=520"}],"curies":[{"name":"wp","href":"https:\/\/api.w.org\/{rel}","templated":true}]}}