{"id":10,"date":"2019-03-23T16:45:56","date_gmt":"2019-03-23T16:45:56","guid":{"rendered":"https:\/\/cootransmelgar.com\/creative-1\/"},"modified":"2021-03-30T23:28:15","modified_gmt":"2021-03-30T23:28:15","slug":"publicaciones-2018","status":"publish","type":"page","link":"https:\/\/cootransmelgar.com\/?page_id=10","title":{"rendered":"publicaciones-2018"},"content":{"rendered":"<section class=\"kc-elm kc-css-673906 kc_row\"><div class=\"kc-row-container  kc-container\"><div class=\"kc-wrap-columns\"><div class=\"kc-elm kc-css-769573 kc_col-sm-12 kc_column kc_col-sm-12\"><div class=\"kc-col-container\">\n<div class=\"kc-elm kc-css-795629 kc-title-wrap \">\n\n\t<h2 class=\"kc_title\">Art\u00edculo 364-5 del Estatuto Tributario<\/h2>\n<\/div>\n<div class=\"kc-elm kc-css-681376 kc_text_block\"><\/p>\n<p>Para dar cumplimiento al Articulo 364-5 de Estatuto Tributario se hace publico en las pagina de la COOTRANSMELGAR LTDA, la siguiente informaci\u00f3n:<\/p>\n<p><strong>&lt;\/br&gt;1. Denominaci\u00f3n, la identificaci\u00f3n y el domicilio. <\/strong><\/p>\n<p>La Cooperativa de Transportadores de Melgar Ltda Cootransmelgar Ltda, con el NIT 890.706.576-0 Domiciliada en la carrera37 N 4-13 Melgar Tolima correo electr\u00f3nico Cootransmelgar@yahoo.com.<\/p>\n<p><strong>&lt;\/br&gt;2. Descripci\u00f3n de la actividad meritoria<\/strong><\/p>\n<p>La Cooperativa de transportadores de Melgar es una entidad sin animo de lucro legalmente constituida, se encarga de prestar servicio publico de pasajeros urbano e intermunicipal, atendiendo la demanda de la poblaci\u00f3n que comprende su radio de acci\u00f3n, cuenta con las habilitaciones correspondientes emanadas del Ministerio de transporte.<\/p>\n<p><strong>&lt;\/br&gt;3. El monto y destino de la reinversi\u00f3n del beneficio o excedente neto cuando corresponda.<\/strong><\/p>\n<p>La Cooperativa de Transportadores de Melgar Ltda durante el a\u00f1o 2.017 no obtuvo excedentes y durante la vigencia del 2018 obtuvo un excedente de 23.834.559,00 y mediante acta No.04 del 20 de Marzo de 2.019 y se aplic\u00f3 el art\u00edculo 54 y 55 de la ley 79 de 1988.<\/p>\n<p><strong>&lt;\/br&gt;4. El monto y destino de las asignaciones permanentes que hayan realizado en el a\u00f1o y los plazos adicionales que est\u00e1n autorizados por el m\u00e1ximo \u00f3rgano social cuando corresponda.<\/strong><\/p>\n<p>N\/A<\/p>\n<p><strong>&lt;\/br&gt;5. Los nombres e identificaci\u00f3n de las personas que ocupan cargos gerenciales directivos o de control<\/strong><\/p>\n<table>\n<tbody>\n<tr>\n<td>IDENTIFICACION<\/td>\n<td>NOMBRE<\/td>\n<td>CARGO<\/td>\n<\/tr>\n<tr>\n<td>14.250.606<\/td>\n<td>MAURICIO BAUTISTA VELASQUEZ<\/td>\n<td>GERENTE<\/td>\n<\/tr>\n<tr>\n<td>11.299.230<\/td>\n<td>JAIME BARRERO MARTINEZ<\/td>\n<td>REVISOR FISCAL<\/td>\n<\/tr>\n<\/tbody>\n<\/table>\n<p><strong>&lt;\/br&gt;6. Monto total de pagos salariales a los miembros de los cuerpos directivos, sin obligaci\u00f3n de discriminar los pagos individuales.<\/strong><\/p>\n<p>Monto total de pagos salariales $30.643.686.00<\/p>\n<p><strong>&lt;\/br&gt;7. Los nombres e identificaci\u00f3n de los fundadores.<\/strong><\/p>\n<p><img loading=\"lazy\" decoding=\"async\" class=\"alignnone size-medium\" src=\"https:\/\/cootransmelgar.com\/wp-content\/uploads\/2019\/04\/punto-7.jpg\" alt=\"\" width=\"569\" height=\"398\" \/><\/p>\n<p><strong>&lt;\/br&gt;8. El monto del patrimonio a 31 de diciembre del a\u00f1o anterior.<\/strong><\/p>\n<p>PATRIMONIO LIQUIDO A DICIEMBRE 31 DE 2.018 <strong>$1.189.302.000<\/strong><\/p>\n<p><strong>&lt;\/br&gt;9. En caso recibir donaciones, la identificacion del donante y el moto de la donacion, asi como la destinacion de la misma y el plazo de la misma y el plazo proyectado para el gasto o la inversion. Para tales efectos se entioende que la donacion a una entidad de Regimen Tributario Especial es una autorizacion de publicar datos que contioene el registro.<\/strong><\/p>\n<p>No hubo\/ No aplica.<\/p>\n<p><strong>&lt;\/br&gt;10. Cuando las donaciones se persiban en eventos colectivos, sin que sea posible la identificacion particular de los donante, se debera incribir el monto total percibido, la decha y la destinacion del mismo.<\/strong><\/p>\n<p>No hubo\/ No aplica.<\/p>\n<p><strong>&lt;\/br&gt;11. Un informe anual de resultados que prevea datos sobre sus proyectos en curso y los finalizados, los ingresos, los contratos realizados, subsidios y aportes recibidos as\u00ed como las metas logradas en beneficio de la comunidad.<\/strong><\/p>\n<p>&lt;a href=\"https:\/\/cootransmelgar.com\/wp-content\/uploads\/2019\/04\/INFORME-DE-GERENCIA-2019.pdf\" target=\"_blank\"&gt;<img decoding=\"async\" class=\"alignnone size-medium\" src=\"https:\/\/cootransmelgar.com\/wp-content\/uploads\/2019\/04\/INFORME-DE-GERENCIA-2019.pdf\" alt=\"\" \/>Informe de gesti\u00f3n 2.018&lt;\/a&gt;<\/p>\n<p><strong>&lt;\/br&gt;12. Los estados financieros de la entidad.<\/strong><\/p>\n<p>&lt;a href=\"https:\/\/cootransmelgar.com\/wp-content\/uploads\/2019\/04\/NOTAS-ESTADOS-FINANCIEROS-COOTRANSMELGAR-2019.pdf\" target=\"_blank\"&gt;Estados financieros de la entidad 2.018&lt;\/a&gt;<\/p>\n<p><strong>&lt;\/br&gt;13. El certificado del representante legal o revisor fiscal, junto con la declaraci\u00f3n de renta donde se evidencie que han cumplido con todos los requisitos durante el respectivo a\u00f1o, cuando corresponda;<\/strong><\/p>\n<p>&lt;a href=\"https:\/\/cootransmelgar.com\/wp-content\/uploads\/2019\/04\/img005.pdf\" target=\"_blank\"&gt;Documento 1. Certificado Representante legal&lt;\/a&gt;<\/p>\n<p>&lt;a href=\"https:\/\/cootransmelgar.com\/wp-content\/uploads\/2019\/04\/declracion-de-renta-2017.pdf\" target=\"_blank\"&gt;Documento 2. Declaraci\u00f3n de renta&lt;\/a&gt;<\/p>\n<p><strong>&lt;\/br&gt;14. Los recursos de cooperaci\u00f3n internacional no reembolsable que reciban o ejecuten.<\/strong><\/p>\n<p>No hubo, no aplica.<\/p>\n<p>\n<\/div><\/div><\/div><\/div><\/div><\/section>\n","protected":false},"excerpt":{"rendered":"","protected":false},"author":2,"featured_media":0,"parent":0,"menu_order":0,"comment_status":"closed","ping_status":"closed","template":"template-parts\/template-homepage.php","meta":{"footnotes":""},"class_list":["post-10","page","type-page","status-publish","hentry"],"_links":{"self":[{"href":"https:\/\/cootransmelgar.com\/index.php?rest_route=\/wp\/v2\/pages\/10"}],"collection":[{"href":"https:\/\/cootransmelgar.com\/index.php?rest_route=\/wp\/v2\/pages"}],"about":[{"href":"https:\/\/cootransmelgar.com\/index.php?rest_route=\/wp\/v2\/types\/page"}],"author":[{"embeddable":true,"href":"https:\/\/cootransmelgar.com\/index.php?rest_route=\/wp\/v2\/users\/2"}],"replies":[{"embeddable":true,"href":"https:\/\/cootransmelgar.com\/index.php?rest_route=%2Fwp%2Fv2%2Fcomments&post=10"}],"version-history":[{"count":61,"href":"https:\/\/cootransmelgar.com\/index.php?rest_route=\/wp\/v2\/pages\/10\/revisions"}],"predecessor-version":[{"id":550,"href":"https:\/\/cootransmelgar.com\/index.php?rest_route=\/wp\/v2\/pages\/10\/revisions\/550"}],"wp:attachment":[{"href":"https:\/\/cootransmelgar.com\/index.php?rest_route=%2Fwp%2Fv2%2Fmedia&parent=10"}],"curies":[{"name":"wp","href":"https:\/\/api.w.org\/{rel}","templated":true}]}}